{"id":360,"date":"2026-03-05T15:35:30","date_gmt":"2026-03-05T14:35:30","guid":{"rendered":"https:\/\/looyaa.fr\/?page_id=360"},"modified":"2026-03-05T15:38:40","modified_gmt":"2026-03-05T14:38:40","slug":"la-newsletter-de-looyaa","status":"publish","type":"page","link":"https:\/\/looyaa.fr\/index.php\/la-newsletter-de-looyaa\/","title":{"rendered":"Newsletter"},"content":{"rendered":"<p>[et_pb_section fb_built=\u00a0\u00bb1&Prime; admin_label=\u00a0\u00bbsection\u00a0\u00bb _builder_version=\u00a0\u00bb3.0.47&Prime;][et_pb_row admin_label=\u00a0\u00bbrow\u00a0\u00bb _builder_version=\u00a0\u00bb3.0.47&Prime; background_size=\u00a0\u00bbinitial\u00a0\u00bb background_position=\u00a0\u00bbtop_left\u00a0\u00bb background_repeat=\u00a0\u00bbrepeat\u00a0\u00bb custom_padding=\u00a0\u00bb27px|0px|71px|0px\u00a0\u00bb][et_pb_column type=\u00a0\u00bb4_4&Prime; _builder_version=\u00a0\u00bb3.0.47&Prime; parallax=\u00a0\u00bboff\u00a0\u00bb parallax_method=\u00a0\u00bbon\u00a0\u00bb][et_pb_text admin_label=\u00a0\u00bbText\u00a0\u00bb _builder_version=\u00a0\u00bb3.0.47&Prime; background_size=\u00a0\u00bbinitial\u00a0\u00bb background_position=\u00a0\u00bbtop_left\u00a0\u00bb background_repeat=\u00a0\u00bbrepeat\u00a0\u00bb]\t\t\t\t[\/et_pb_text][et_pb_code _builder_version=\u00a0\u00bb3.0.86&Prime;]&lt;!&#8211; Begin Brevo Form &#8211;&gt;&lt;!&#8211; [et_pb_line_break_holder] &#8211;&gt;&lt;!&#8211; START &#8211; We recommend to place the below code in head tag of your website html  &#8211;&gt;&lt;!&#8211; [et_pb_line_break_holder] &#8211;&gt;&lt;style&gt;&lt;!&#8211; [et_pb_line_break_holder] &#8211;&gt;  @font-face {&lt;!&#8211; [et_pb_line_break_holder] &#8211;&gt;    font-display: block;&lt;!&#8211; [et_pb_line_break_holder] &#8211;&gt;    font-family: Roboto;&lt;!&#8211; [et_pb_line_break_holder] &#8211;&gt;    src: url(https:\/\/assets.brevo.com\/font\/Roboto\/Latin\/normal\/normal\/7529907e9eaf8ebb5220c5f9850e3811.woff2) format(&quot;woff2&quot;), url(https:\/\/assets.brevo.com\/font\/Roboto\/Latin\/normal\/normal\/25c678feafdc175a70922a116c9be3e7.woff) format(&quot;woff&quot;)&lt;!&#8211; [et_pb_line_break_holder] &#8211;&gt;  }&lt;!&#8211; [et_pb_line_break_holder] &#8211;&gt;&lt;!&#8211; [et_pb_line_break_holder] &#8211;&gt;  @font-face {&lt;!&#8211; [et_pb_line_break_holder] &#8211;&gt;    font-display: fallback;&lt;!&#8211; [et_pb_line_break_holder] &#8211;&gt;    font-family: Roboto;&lt;!&#8211; [et_pb_line_break_holder] &#8211;&gt;    font-weight: 600;&lt;!&#8211; [et_pb_line_break_holder] &#8211;&gt;    src: url(https:\/\/assets.brevo.com\/font\/Roboto\/Latin\/medium\/normal\/6e9caeeafb1f3491be3e32744bc30440.woff2) format(&quot;woff2&quot;), url(https:\/\/assets.brevo.com\/font\/Roboto\/Latin\/medium\/normal\/71501f0d8d5aa95960f6475d5487d4c2.woff) format(&quot;woff&quot;)&lt;!&#8211; [et_pb_line_break_holder] &#8211;&gt;  }&lt;!&#8211; [et_pb_line_break_holder] &#8211;&gt;&lt;!&#8211; [et_pb_line_break_holder] &#8211;&gt;  @font-face {&lt;!&#8211; [et_pb_line_break_holder] &#8211;&gt;    font-display: fallback;&lt;!&#8211; [et_pb_line_break_holder] &#8211;&gt;    font-family: Roboto;&lt;!&#8211; [et_pb_line_break_holder] &#8211;&gt;    font-weight: 700;&lt;!&#8211; [et_pb_line_break_holder] &#8211;&gt;    src: url(https:\/\/assets.brevo.com\/font\/Roboto\/Latin\/bold\/normal\/3ef7cf158f310cf752d5ad08cd0e7e60.woff2) format(&quot;woff2&quot;), url(https:\/\/assets.brevo.com\/font\/Roboto\/Latin\/bold\/normal\/ece3a1d82f18b60bcce0211725c476aa.woff) format(&quot;woff&quot;)&lt;!&#8211; [et_pb_line_break_holder] &#8211;&gt;  }&lt;!&#8211; [et_pb_line_break_holder] &#8211;&gt;&lt;!&#8211; [et_pb_line_break_holder] &#8211;&gt;  #sib-container input:-ms-input-placeholder {&lt;!&#8211; [et_pb_line_break_holder] &#8211;&gt;    text-align: left;&lt;!&#8211; [et_pb_line_break_holder] &#8211;&gt;    font-family: Helvetica, sans-serif;&lt;!&#8211; [et_pb_line_break_holder] &#8211;&gt;    color: #c0ccda;&lt;!&#8211; [et_pb_line_break_holder] &#8211;&gt;  }&lt;!&#8211; [et_pb_line_break_holder] &#8211;&gt;&lt;!&#8211; [et_pb_line_break_holder] &#8211;&gt;  #sib-container input::placeholder {&lt;!&#8211; [et_pb_line_break_holder] &#8211;&gt;    text-align: left;&lt;!&#8211; [et_pb_line_break_holder] &#8211;&gt;    font-family: Helvetica, sans-serif;&lt;!&#8211; [et_pb_line_break_holder] &#8211;&gt;    color: #c0ccda;&lt;!&#8211; [et_pb_line_break_holder] &#8211;&gt;  }&lt;!&#8211; [et_pb_line_break_holder] &#8211;&gt;&lt;!&#8211; [et_pb_line_break_holder] &#8211;&gt;  #sib-container textarea::placeholder {&lt;!&#8211; [et_pb_line_break_holder] &#8211;&gt;    text-align: left;&lt;!&#8211; [et_pb_line_break_holder] &#8211;&gt;    font-family: Helvetica, sans-serif;&lt;!&#8211; [et_pb_line_break_holder] &#8211;&gt;    color: #c0ccda;&lt;!&#8211; [et_pb_line_break_holder] &#8211;&gt;  }&lt;!&#8211; [et_pb_line_break_holder] &#8211;&gt;&lt;!&#8211; [et_pb_line_break_holder] &#8211;&gt;  #sib-container a {&lt;!&#8211; [et_pb_line_break_holder] &#8211;&gt;    text-decoration: underline;&lt;!&#8211; [et_pb_line_break_holder] &#8211;&gt;    color: #2BB2FC;&lt;!&#8211; [et_pb_line_break_holder] &#8211;&gt;  }&lt;!&#8211; [et_pb_line_break_holder] &#8211;&gt;&lt;\/style&gt;&lt;!&#8211; [et_pb_line_break_holder] &#8211;&gt;&lt;link rel=&quot;stylesheet&quot; href=&quot;https:\/\/sibforms.com\/forms\/end-form\/build\/sib-styles.css&quot;&gt;&lt;!&#8211; [et_pb_line_break_holder] &#8211;&gt;&lt;!&#8211;  END &#8211; We recommend to place the above code in head tag of your website html &#8211;&gt;&lt;!&#8211; [et_pb_line_break_holder] &#8211;&gt;&lt;!&#8211; [et_pb_line_break_holder] &#8211;&gt;&lt;!&#8211; START &#8211; We recommend to place the below code where you want the form in your website html  &#8211;&gt;&lt;!&#8211; [et_pb_line_break_holder] &#8211;&gt;&lt;div class=&quot;sib-form&quot; style=&quot;text-align: center;&lt;!&#8211; [et_pb_line_break_holder] &#8211;&gt;         background-color: #EFF2F7;                                 &quot;&gt;&lt;!&#8211; [et_pb_line_break_holder] &#8211;&gt;  &lt;div id=&quot;sib-form-container&quot; class=&quot;sib-form-container&quot;&gt;&lt;!&#8211; [et_pb_line_break_holder] &#8211;&gt;    &lt;div id=&quot;error-message&quot; class=&quot;sib-form-message-panel&quot; style=&quot;font-size:16px; text-align:left; font-family:Helvetica, sans-serif; color:#661d1d; background-color:#ffeded; border-radius:3px; border-color:#ff4949;max-width:540px;&quot;&gt;&lt;!&#8211; [et_pb_line_break_holder] &#8211;&gt;      &lt;div class=&quot;sib-form-message-panel__text sib-form-message-panel__text&#8211;center&quot;&gt;&lt;!&#8211; [et_pb_line_break_holder] &#8211;&gt;        &lt;svg viewBox=&quot;0 0 512 512&quot; class=&quot;sib-icon sib-notification__icon&quot;&gt;&lt;!&#8211; [et_pb_line_break_holder] &#8211;&gt;          &lt;path d=&quot;M256 40c118.621 0 216 96.075 216 216 0 119.291-96.61 216-216 216-119.244 0-216-96.562-216-216 0-119.203 96.602-216 216-216m0-32C119.043 8 8 119.083 8 256c0 136.997 111.043 248 248 248s248-111.003 248-248C504 119.083 392.957 8 256 8zm-11.49 120h22.979c6.823 0 12.274 5.682 11.99 12.5l-7 168c-.268 6.428-5.556 11.5-11.99 11.5h-8.979c-6.433 0-11.722-5.073-11.99-11.5l-7-168c-.283-6.818 5.167-12.5 11.99-12.5zM256 340c-15.464 0-28 12.536-28 28s12.536 28 28 28 28-12.536 28-28-12.536-28-28-28z&quot; \/&gt;&lt;!&#8211; [et_pb_line_break_holder] &#8211;&gt;        &lt;\/svg&gt;&lt;!&#8211; [et_pb_line_break_holder] &#8211;&gt;        &lt;span class=&quot;sib-form-message-panel__inner-text&quot;&gt;&lt;!&#8211; [et_pb_line_break_holder] &#8211;&gt;                          Nous n&#039;avons pas pu confirmer votre inscription.&lt;!&#8211; [et_pb_line_break_holder] &#8211;&gt;                      &lt;\/span&gt;&lt;!&#8211; [et_pb_line_break_holder] &#8211;&gt;      &lt;\/div&gt;&lt;!&#8211; [et_pb_line_break_holder] &#8211;&gt;    &lt;\/div&gt;&lt;!&#8211; [et_pb_line_break_holder] &#8211;&gt;    &lt;div&gt;&lt;\/div&gt;&lt;!&#8211; [et_pb_line_break_holder] &#8211;&gt;    &lt;div id=&quot;success-message&quot; class=&quot;sib-form-message-panel&quot; style=&quot;font-size:16px; text-align:left; font-family:Helvetica, sans-serif; color:#085229; background-color:#e7faf0; border-radius:3px; border-color:#13ce66;max-width:540px;&quot;&gt;&lt;!&#8211; [et_pb_line_break_holder] &#8211;&gt;      &lt;div class=&quot;sib-form-message-panel__text sib-form-message-panel__text&#8211;center&quot;&gt;&lt;!&#8211; [et_pb_line_break_holder] &#8211;&gt;        &lt;svg viewBox=&quot;0 0 512 512&quot; class=&quot;sib-icon sib-notification__icon&quot;&gt;&lt;!&#8211; [et_pb_line_break_holder] &#8211;&gt;          &lt;path d=&quot;M256 8C119.033 8 8 119.033 8 256s111.033 248 248 248 248-111.033 248-248S392.967 8 256 8zm0 464c-118.664 0-216-96.055-216-216 0-118.663 96.055-216 216-216 118.664 0 216 96.055 216 216 0 118.663-96.055 216-216 216zm141.63-274.961L217.15 376.071c-4.705 4.667-12.303 4.637-16.97-.068l-85.878-86.572c-4.667-4.705-4.637-12.303.068-16.97l8.52-8.451c4.705-4.667 12.303-4.637 16.97.068l68.976 69.533 163.441-162.13c4.705-4.667 12.303-4.637 16.97.068l8.451 8.52c4.668 4.705 4.637 12.303-.068 16.97z&quot; \/&gt;&lt;!&#8211; [et_pb_line_break_holder] &#8211;&gt;        &lt;\/svg&gt;&lt;!&#8211; [et_pb_line_break_holder] &#8211;&gt;        &lt;span class=&quot;sib-form-message-panel__inner-text&quot;&gt;&lt;!&#8211; [et_pb_line_break_holder] &#8211;&gt;                          Merci pour votre inscription !&lt;!&#8211; [et_pb_line_break_holder] &#8211;&gt;                      &lt;\/span&gt;&lt;!&#8211; [et_pb_line_break_holder] &#8211;&gt;      &lt;\/div&gt;&lt;!&#8211; [et_pb_line_break_holder] &#8211;&gt;    &lt;\/div&gt;&lt;!&#8211; [et_pb_line_break_holder] &#8211;&gt;    &lt;div&gt;&lt;\/div&gt;&lt;!&#8211; [et_pb_line_break_holder] &#8211;&gt;    &lt;div id=&quot;sib-container&quot; class=&quot;sib-container&#8211;large sib-container&#8211;vertical&quot; style=&quot;text-align:center; background-color:rgba(255,255,255,1); max-width:540px; border-radius:3px; border-width:1px; border-color:#C0CCD9; border-style:solid; direction:ltr&quot;&gt;&lt;!&#8211; [et_pb_line_break_holder] &#8211;&gt;      &lt;form id=&quot;sib-form&quot; method=&quot;POST&quot; action=&quot;https:\/\/c8097d9a.sibforms.com\/serve\/MUIFAMYhVW8weCcA807lLDJOboswpAAw8o3Qa0pyPS7x0OAxnh-no86Ssb&#8211;m9fnHCvOnGFL6d9C_dNNQNfaSRhm8r-zsUnECB7Ssg1zOVHpxTmzPxH5LrXmllJrbcDKuM7k2feqhsnb-uu611LUIiY4-4p_xW2JGw6PFUIaMbNv54A1FF2_7D80BZxOAIb_DVcjbJfhOPYbznj5Ug==&quot; data-type=&quot;subscription&quot;&gt;&lt;!&#8211; [et_pb_line_break_holder] &#8211;&gt;        &lt;div style=&quot;padding: 8px 0;&quot;&gt;&lt;!&#8211; [et_pb_line_break_holder] &#8211;&gt;          &lt;div class=&quot;sib-form-block&quot; style=&quot;font-size:32px; text-align:left; font-weight:700; font-family:&quot;Trebuchet MS&quot;, sans-serif; color:#3C4858; background-color:transparent; text-align:left&quot;&gt;&lt;!&#8211; [et_pb_line_break_holder] &#8211;&gt;            &lt;p&gt;La newsletter&lt;\/p&gt;&lt;!&#8211; [et_pb_line_break_holder] &#8211;&gt;          &lt;\/div&gt;&lt;!&#8211; [et_pb_line_break_holder] &#8211;&gt;        &lt;\/div&gt;&lt;!&#8211; [et_pb_line_break_holder] &#8211;&gt;        &lt;div style=&quot;padding: 8px 0;&quot;&gt;&lt;!&#8211; [et_pb_line_break_holder] &#8211;&gt;          &lt;div class=&quot;sib-form-block&quot; style=&quot;font-size:16px; text-align:left; font-family:Helvetica, sans-serif; color:#3C4858; background-color:transparent; text-align:left&quot;&gt;&lt;!&#8211; [et_pb_line_break_holder] &#8211;&gt;            &lt;div class=&quot;sib-text-form-block&quot;&gt;&lt;!&#8211; [et_pb_line_break_holder] &#8211;&gt;              &lt;p&gt;&lt;br&gt;&lt;\/p&gt;&lt;!&#8211; [et_pb_line_break_holder] &#8211;&gt;            &lt;\/div&gt;&lt;!&#8211; [et_pb_line_break_holder] &#8211;&gt;          &lt;\/div&gt;&lt;!&#8211; [et_pb_line_break_holder] &#8211;&gt;        &lt;\/div&gt;&lt;!&#8211; [et_pb_line_break_holder] &#8211;&gt;        &lt;div style=&quot;padding: 8px 0;&quot;&gt;&lt;!&#8211; [et_pb_line_break_holder] &#8211;&gt;          &lt;div class=&quot;sib-input sib-form-block&quot;&gt;&lt;!&#8211; [et_pb_line_break_holder] &#8211;&gt;            &lt;div class=&quot;form__entry entry_block&quot;&gt;&lt;!&#8211; [et_pb_line_break_holder] &#8211;&gt;              &lt;div class=&quot;form__label-row &quot;&gt;&lt;!&#8211; [et_pb_line_break_holder] &#8211;&gt;                &lt;label class=&quot;entry__label&quot; style=&quot;font-weight: 700; text-align:left; font-size:16px; text-align:left; font-weight:700; font-family:Helvetica, sans-serif; color:#3c4858;&quot; for=&quot;EMAIL&quot; data-required=&quot;*&quot;&gt;Ton e-mail&lt;\/label&gt;&lt;!&#8211; [et_pb_line_break_holder] &#8211;&gt;&lt;!&#8211; [et_pb_line_break_holder] &#8211;&gt;                &lt;div class=&quot;entry__field&quot;&gt;&lt;!&#8211; [et_pb_line_break_holder] &#8211;&gt;                  &lt;input class=&quot;input &quot; type=&quot;text&quot; id=&quot;EMAIL&quot; name=&quot;EMAIL&quot; autocomplete=&quot;off&quot; placeholder=&quot;EMAIL&quot; data-required=&quot;true&quot; required \/&gt;&lt;!&#8211; [et_pb_line_break_holder] &#8211;&gt;                &lt;\/div&gt;&lt;!&#8211; [et_pb_line_break_holder] &#8211;&gt;              &lt;\/div&gt;&lt;!&#8211; [et_pb_line_break_holder] &#8211;&gt;&lt;!&#8211; [et_pb_line_break_holder] &#8211;&gt;              &lt;label class=&quot;entry__error entry__error&#8211;primary&quot; style=&quot;font-size:16px; text-align:left; font-family:Helvetica, sans-serif; color:#661d1d; background-color:#ffeded; border-radius:3px; border-color:#ff4949;&quot;&gt;&lt;!&#8211; [et_pb_line_break_holder] &#8211;&gt;              &lt;\/label&gt;&lt;!&#8211; [et_pb_line_break_holder] &#8211;&gt;              &lt;label class=&quot;entry__specification&quot; style=&quot;font-size:12px; text-align:left; font-family:Helvetica, sans-serif; color:#8390A4; text-align:left&quot;&gt;&lt;!&#8211; [et_pb_line_break_holder] &#8211;&gt;                Veuillez renseigner votre adresse email pour vous inscrire. Ex. : abc@xyz.com&lt;!&#8211; [et_pb_line_break_holder] &#8211;&gt;              &lt;\/label&gt;&lt;!&#8211; [et_pb_line_break_holder] &#8211;&gt;            &lt;\/div&gt;&lt;!&#8211; [et_pb_line_break_holder] &#8211;&gt;          &lt;\/div&gt;&lt;!&#8211; [et_pb_line_break_holder] &#8211;&gt;        &lt;\/div&gt;&lt;!&#8211; [et_pb_line_break_holder] &#8211;&gt;        &lt;div style=&quot;padding: 8px 0;&quot;&gt;&lt;!&#8211; [et_pb_line_break_holder] &#8211;&gt;          &lt;div class=&quot;sib-captcha sib-form-block&quot;&gt;&lt;!&#8211; [et_pb_line_break_holder] &#8211;&gt;            &lt;div class=&quot;form__entry entry_block&quot;&gt;&lt;!&#8211; [et_pb_line_break_holder] &#8211;&gt;              &lt;div class=&quot;form__label-row &quot;&gt;&lt;!&#8211; [et_pb_line_break_holder] &#8211;&gt;                &lt;script&gt;&lt;!&#8211; [et_pb_line_break_holder] &#8211;&gt;                  function handleCaptchaResponse() {&lt;!&#8211; [et_pb_line_break_holder] &#8211;&gt;                    var event = new Event(&#039;captchaChange&#039;);&lt;!&#8211; [et_pb_line_break_holder] &#8211;&gt;                    document.getElementById(&#039;sib-captcha&#039;).dispatchEvent(event);&lt;!&#8211; [et_pb_line_break_holder] &#8211;&gt;                  }&lt;!&#8211; [et_pb_line_break_holder] &#8211;&gt;                &lt;\/script&gt;&lt;!&#8211; [et_pb_line_break_holder] &#8211;&gt;                &lt;div class=&quot;g-recaptcha sib-visible-recaptcha&quot; id=&quot;sib-captcha&quot; data-sitekey=&quot;6Lc6xIAsAAAAAHDqRNLGcYn_55i75bi_sEQls7Ly&quot; data-callback=&quot;handleCaptchaResponse&quot; style=&quot;direction:ltr&quot;&gt;&lt;\/div&gt;&lt;!&#8211; [et_pb_line_break_holder] &#8211;&gt;              &lt;\/div&gt;&lt;!&#8211; [et_pb_line_break_holder] &#8211;&gt;              &lt;label class=&quot;entry__error entry__error&#8211;primary&quot; style=&quot;font-size:16px; text-align:left; font-family:Helvetica, sans-serif; color:#661d1d; background-color:#ffeded; border-radius:3px; border-color:#ff4949;&quot;&gt;&lt;!&#8211; [et_pb_line_break_holder] &#8211;&gt;              &lt;\/label&gt;&lt;!&#8211; [et_pb_line_break_holder] &#8211;&gt;            &lt;\/div&gt;&lt;!&#8211; [et_pb_line_break_holder] &#8211;&gt;          &lt;\/div&gt;&lt;!&#8211; [et_pb_line_break_holder] &#8211;&gt;        &lt;\/div&gt;&lt;!&#8211; [et_pb_line_break_holder] &#8211;&gt;        &lt;div style=&quot;padding: 8px 0;&quot;&gt;&lt;!&#8211; [et_pb_line_break_holder] &#8211;&gt;          &lt;div class=&quot;sib-form-block&quot; style=&quot;text-align: left&quot;&gt;&lt;!&#8211; [et_pb_line_break_holder] &#8211;&gt;            &lt;button class=&quot;sib-form-block__button sib-form-block__button-with-loader&quot; style=&quot;font-size:16px; text-align:left; font-weight:700; font-family:Helvetica, sans-serif; color:#FFFFFF; background-color:#3E4857; border-radius:3px; border-width:0px;&quot; form=&quot;sib-form&quot; type=&quot;submit&quot;&gt;&lt;!&#8211; [et_pb_line_break_holder] &#8211;&gt;              &lt;svg class=&quot;icon clickable__icon progress-indicator__icon sib-hide-loader-icon&quot; viewBox=&quot;0 0 512 512&quot; style=&quot;&quot;&gt;&lt;!&#8211; [et_pb_line_break_holder] &#8211;&gt;                &lt;path d=&quot;M460.116 373.846l-20.823-12.022c-5.541-3.199-7.54-10.159-4.663-15.874 30.137-59.886 28.343-131.652-5.386-189.946-33.641-58.394-94.896-95.833-161.827-99.676C261.028 55.961 256 50.751 256 44.352V20.309c0-6.904 5.808-12.337 12.703-11.982 83.556 4.306 160.163 50.864 202.11 123.677 42.063 72.696 44.079 162.316 6.031 236.832-3.14 6.148-10.75 8.461-16.728 5.01z&quot; \/&gt;&lt;!&#8211; [et_pb_line_break_holder] &#8211;&gt;              &lt;\/svg&gt;&lt;!&#8211; [et_pb_line_break_holder] &#8211;&gt;              S&#039;INSCRIRE&lt;!&#8211; [et_pb_line_break_holder] &#8211;&gt;            &lt;\/button&gt;&lt;!&#8211; [et_pb_line_break_holder] &#8211;&gt;          &lt;\/div&gt;&lt;!&#8211; [et_pb_line_break_holder] &#8211;&gt;        &lt;\/div&gt;&lt;!&#8211; [et_pb_line_break_holder] &#8211;&gt;&lt;!&#8211; [et_pb_line_break_holder] &#8211;&gt;        &lt;input type=&quot;text&quot; name=&quot;email_address_check&quot; value=&quot;&quot; class=&quot;input&#8211;hidden&quot;&gt;&lt;!&#8211; [et_pb_line_break_holder] &#8211;&gt;        &lt;input type=&quot;hidden&quot; name=&quot;locale&quot; value=&quot;fr&quot;&gt;&lt;!&#8211; [et_pb_line_break_holder] &#8211;&gt;      &lt;\/form&gt;&lt;!&#8211; [et_pb_line_break_holder] &#8211;&gt;    &lt;\/div&gt;&lt;!&#8211; [et_pb_line_break_holder] &#8211;&gt;  &lt;\/div&gt;&lt;!&#8211; [et_pb_line_break_holder] &#8211;&gt;&lt;\/div&gt;&lt;!&#8211; [et_pb_line_break_holder] &#8211;&gt;&lt;!&#8211; END &#8211; We recommend to place the above code where you want the form in your website html  &#8211;&gt;&lt;!&#8211; [et_pb_line_break_holder] &#8211;&gt;&lt;!&#8211; [et_pb_line_break_holder] &#8211;&gt;&lt;!&#8211; START &#8211; We recommend to place the below code in footer or bottom of your website html  &#8211;&gt;&lt;!&#8211; [et_pb_line_break_holder] &#8211;&gt;&lt;script&gt;&lt;!&#8211; [et_pb_line_break_holder] &#8211;&gt;  window.REQUIRED_CODE_ERROR_MESSAGE = &#039;Veuillez choisir un code pays&#039;;&lt;!&#8211; [et_pb_line_break_holder] &#8211;&gt;  window.LOCALE = &#039;fr&#039;;&lt;!&#8211; [et_pb_line_break_holder] &#8211;&gt;  window.EMAIL_INVALID_MESSAGE = window.SMS_INVALID_MESSAGE = &quot;Les informations que vous avez fournies ne sont pas valides. Veuillez v\u00e9rifier le format du champ et r\u00e9essayer.&quot;;&lt;!&#8211; [et_pb_line_break_holder] &#8211;&gt;&lt;!&#8211; [et_pb_line_break_holder] &#8211;&gt;  window.REQUIRED_ERROR_MESSAGE = &quot;Vous devez renseigner ce champ. &quot;;&lt;!&#8211; [et_pb_line_break_holder] &#8211;&gt;&lt;!&#8211; [et_pb_line_break_holder] &#8211;&gt;  window.GENERIC_INVALID_MESSAGE = &quot;Les informations que vous avez fournies ne sont pas valides. Veuillez v\u00e9rifier le format du champ et r\u00e9essayer.&quot;;&lt;!&#8211; [et_pb_line_break_holder] &#8211;&gt;&lt;!&#8211; [et_pb_line_break_holder] &#8211;&gt;&lt;!&#8211; [et_pb_line_break_holder] &#8211;&gt;&lt;!&#8211; [et_pb_line_break_holder] &#8211;&gt;&lt;!&#8211; [et_pb_line_break_holder] &#8211;&gt;  window.translation = {&lt;!&#8211; [et_pb_line_break_holder] &#8211;&gt;    common: {&lt;!&#8211; [et_pb_line_break_holder] &#8211;&gt;      selectedList: &#039;{quantity} liste s\u00e9lectionn\u00e9e&#039;,&lt;!&#8211; [et_pb_line_break_holder] &#8211;&gt;      selectedLists: &#039;{quantity} listes s\u00e9lectionn\u00e9es&#039;,&lt;!&#8211; [et_pb_line_break_holder] &#8211;&gt;      selectedOption: &#039;{quantity} s\u00e9lectionn\u00e9&#039;,&lt;!&#8211; [et_pb_line_break_holder] &#8211;&gt;      selectedOptions: &#039;{quantity} s\u00e9lectionn\u00e9s&#039;,&lt;!&#8211; [et_pb_line_break_holder] &#8211;&gt;    }&lt;!&#8211; [et_pb_line_break_holder] &#8211;&gt;  };&lt;!&#8211; [et_pb_line_break_holder] &#8211;&gt;&lt;!&#8211; [et_pb_line_break_holder] &#8211;&gt;  var AUTOHIDE = Boolean(0);&lt;!&#8211; [et_pb_line_break_holder] &#8211;&gt;&lt;\/script&gt;&lt;!&#8211; [et_pb_line_break_holder] &#8211;&gt;&lt;!&#8211; [et_pb_line_break_holder] &#8211;&gt;&lt;script defer src=&quot;https:\/\/sibforms.com\/forms\/end-form\/build\/main.js&quot;&gt;&lt;\/script&gt;&lt;!&#8211; [et_pb_line_break_holder] &#8211;&gt;&lt;!&#8211; [et_pb_line_break_holder] &#8211;&gt;&lt;script src=&quot;https:\/\/www.google.com\/recaptcha\/api.js?hl=fr&quot;&gt;&lt;\/script&gt;&lt;!&#8211; [et_pb_line_break_holder] &#8211;&gt;&lt;!&#8211; [et_pb_line_break_holder] &#8211;&gt;&lt;!&#8211; END &#8211; We recommend to place the above code in footer or bottom of your website html  &#8211;&gt;&lt;!&#8211; [et_pb_line_break_holder] &#8211;&gt;&lt;!&#8211; End Brevo Form &#8211;&gt;[\/et_pb_code][\/et_pb_column][\/et_pb_row][\/et_pb_section]<\/p>\n","protected":false},"excerpt":{"rendered":"<p>[et_pb_section fb_built=\u00a0\u00bb1&Prime; admin_label=\u00a0\u00bbsection\u00a0\u00bb _builder_version=\u00a0\u00bb3.0.47&Prime;][et_pb_row admin_label=\u00a0\u00bbrow\u00a0\u00bb _builder_version=\u00a0\u00bb3.0.47&Prime; background_size=\u00a0\u00bbinitial\u00a0\u00bb background_position=\u00a0\u00bbtop_left\u00a0\u00bb background_repeat=\u00a0\u00bbrepeat\u00a0\u00bb custom_padding=\u00a0\u00bb27px|0px|71px|0px\u00a0\u00bb][et_pb_column type=\u00a0\u00bb4_4&Prime; _builder_version=\u00a0\u00bb3.0.47&Prime; parallax=\u00a0\u00bboff\u00a0\u00bb parallax_method=\u00a0\u00bbon\u00a0\u00bb][et_pb_text admin_label=\u00a0\u00bbText\u00a0\u00bb _builder_version=\u00a0\u00bb3.0.47&Prime; background_size=\u00a0\u00bbinitial\u00a0\u00bb background_position=\u00a0\u00bbtop_left\u00a0\u00bb background_repeat=\u00a0\u00bbrepeat\u00a0\u00bb] [\/et_pb_text][et_pb_code _builder_version=\u00a0\u00bb3.0.86&Prime;]&lt;!&#8211; Begin Brevo Form &#8211;&gt;&lt;!&#8211; [et_pb_line_break_holder] &#8211;&gt;&lt;!&#8211; START &#8211; We recommend to place the below code in head tag of your website html &#8211;&gt;&lt;!&#8211; [et_pb_line_break_holder] &#8211;&gt;&lt;style&gt;&lt;!&#8211; [et_pb_line_break_holder] &#8211;&gt; @font-face {&lt;!&#8211; [et_pb_line_break_holder] &#8211;&gt; font-display: block;&lt;!&#8211; [et_pb_line_break_holder] [&hellip;]<\/p>\n","protected":false},"author":1,"featured_media":0,"parent":0,"menu_order":0,"comment_status":"closed","ping_status":"closed","template":"","meta":{"footnotes":""},"class_list":["post-360","page","type-page","status-publish","hentry"],"_links":{"self":[{"href":"https:\/\/looyaa.fr\/index.php\/wp-json\/wp\/v2\/pages\/360","targetHints":{"allow":["GET"]}}],"collection":[{"href":"https:\/\/looyaa.fr\/index.php\/wp-json\/wp\/v2\/pages"}],"about":[{"href":"https:\/\/looyaa.fr\/index.php\/wp-json\/wp\/v2\/types\/page"}],"author":[{"embeddable":true,"href":"https:\/\/looyaa.fr\/index.php\/wp-json\/wp\/v2\/users\/1"}],"replies":[{"embeddable":true,"href":"https:\/\/looyaa.fr\/index.php\/wp-json\/wp\/v2\/comments?post=360"}],"version-history":[{"count":4,"href":"https:\/\/looyaa.fr\/index.php\/wp-json\/wp\/v2\/pages\/360\/revisions"}],"predecessor-version":[{"id":365,"href":"https:\/\/looyaa.fr\/index.php\/wp-json\/wp\/v2\/pages\/360\/revisions\/365"}],"wp:attachment":[{"href":"https:\/\/looyaa.fr\/index.php\/wp-json\/wp\/v2\/media?parent=360"}],"curies":[{"name":"wp","href":"https:\/\/api.w.org\/{rel}","templated":true}]}}