{"id":56,"date":"2024-08-16T07:36:52","date_gmt":"2024-08-16T05:36:52","guid":{"rendered":"https:\/\/looyaa.fr\/?page_id=56"},"modified":"2026-03-24T12:20:56","modified_gmt":"2026-03-24T11:20:56","slug":"56-2","status":"publish","type":"page","link":"https:\/\/looyaa.fr\/","title":{"rendered":"Accueil"},"content":{"rendered":"<p>[et_pb_section fb_built=\u00a0\u00bb1&Prime; _builder_version=\u00a0\u00bb3.0.86&Prime; use_background_color_gradient=\u00a0\u00bbon\u00a0\u00bb background_color_gradient_type=\u00a0\u00bbradial\u00a0\u00bb background_image=\u00a0\u00bbhttp:\/\/looyaa.fr\/wp-content\/uploads\/2024\/08\/Bandeau-LooYaa-simple-1-e1723788288285.jpg\u00a0\u00bb custom_padding=\u00a0\u00bb0px|0px|0px|0px\u00a0\u00bb][et_pb_row _builder_version=\u00a0\u00bb3.0.86&Prime;][et_pb_column type=\u00a0\u00bb4_4&Prime; _builder_version=\u00a0\u00bb3.0.86&Prime; parallax=\u00a0\u00bboff\u00a0\u00bb parallax_method=\u00a0\u00bbon\u00a0\u00bb][et_pb_video src=\u00a0\u00bbhttps:\/\/youtu.be\/MDIIMIATthg\u00a0\u00bb _builder_version=\u00a0\u00bb3.0.86&Prime;][\/et_pb_video][\/et_pb_column][\/et_pb_row][\/et_pb_section][et_pb_section fb_built=\u00a0\u00bb1&Prime; _builder_version=\u00a0\u00bb3.0.86&Prime; custom_padding=\u00a0\u00bb1px|0px|0px|0px\u00a0\u00bb][et_pb_row _builder_version=\u00a0\u00bb3.0.86&Prime;][et_pb_column type=\u00a0\u00bb1_3&Prime; _builder_version=\u00a0\u00bb3.0.86&Prime; parallax=\u00a0\u00bboff\u00a0\u00bb parallax_method=\u00a0\u00bbon\u00a0\u00bb][et_pb_image src=\u00a0\u00bbhttp:\/\/looyaa.fr\/wp-content\/uploads\/2026\/03\/LooYaa-Live-d-scaled.jpg\u00a0\u00bb _builder_version=\u00a0\u00bb3.0.86&Prime;][\/et_pb_image][\/et_pb_column][et_pb_column type=\u00a0\u00bb1_3&Prime; _builder_version=\u00a0\u00bb3.0.86&Prime; parallax=\u00a0\u00bboff\u00a0\u00bb parallax_method=\u00a0\u00bbon\u00a0\u00bb][et_pb_text _builder_version=\u00a0\u00bb3.0.86&Prime;]<\/p>\n<h5 style=\"text-align: center;\"><span style=\"color: #000000;\"><\/span><\/h5>\n<p><span style=\"color: #000000;\"><\/span><\/p>\n<h5 style=\"text-align: center;\"><span style=\"color: #000000;\"><\/span><\/h5>\n<p style=\"text-align: center;\"><b>LooYaa <\/b><span style=\"font-weight: 400;\">d\u00e9veloppe autour de ses chansons un univers inspir\u00e9 des sons de la nuit et ses myst\u00e8res. <br \/><strong>Un concert hybride <\/strong><br \/><strong>piano-voix-textures \u00e9lectro<\/strong> <br \/>ponctu\u00e9 d\u2019interventions au tambour Alfaia faisant \u00e9cho \u00e0 la tradition br\u00e9silienne du Maracatu.\u00a0<\/p>\n<p><em>La Nuit,<\/em><br \/><em>Personne ne nous regarde<\/em><br \/><em>La Nuit,\u00a0<\/em><br \/><em>On Na\u00eet libre<\/em><br \/><em>La Nuit<\/em><br \/><em>On n&rsquo;\u00e0 pas d&rsquo;\u00e2ge<\/em><\/span>\u00a0<\/p>\n<p>&nbsp;<\/p>\n<p>&nbsp;<\/p>\n<p>[\/et_pb_text][\/et_pb_column][et_pb_column type=\u00a0\u00bb1_3&Prime; _builder_version=\u00a0\u00bb3.0.86&Prime; parallax=\u00a0\u00bboff\u00a0\u00bb parallax_method=\u00a0\u00bbon\u00a0\u00bb][et_pb_image src=\u00a0\u00bbhttp:\/\/looyaa.fr\/wp-content\/uploads\/2026\/01\/LOOYA_LIVE_12-scaled.jpg\u00a0\u00bb align=\u00a0\u00bbcenter\u00a0\u00bb _builder_version=\u00a0\u00bb3.0.86&Prime;][\/et_pb_image][\/et_pb_column][\/et_pb_row][\/et_pb_section][et_pb_section fb_built=\u00a0\u00bb1&Prime; _builder_version=\u00a0\u00bb3.0.86&Prime; use_background_color_gradient=\u00a0\u00bbon\u00a0\u00bb background_color_gradient_type=\u00a0\u00bbradial\u00a0\u00bb background_image=\u00a0\u00bbhttp:\/\/looyaa.fr\/wp-content\/uploads\/2024\/08\/Bandeau-LooYaa-simple-1-e1723788288285.jpg\u00a0\u00bb custom_padding=\u00a0\u00bb0px|0px|0px|0px\u00a0\u00bb][et_pb_row _builder_version=\u00a0\u00bb3.0.86&Prime;][et_pb_column type=\u00a0\u00bb1_2&Prime; _builder_version=\u00a0\u00bb3.0.86&Prime; parallax=\u00a0\u00bboff\u00a0\u00bb parallax_method=\u00a0\u00bbon\u00a0\u00bb][et_pb_video src=\u00a0\u00bbhttps:\/\/www.youtube.com\/watch?v=19vSDb2Jg4s\u00a0\u00bb _builder_version=\u00a0\u00bb3.0.86&Prime;][\/et_pb_video][et_pb_button button_url=\u00a0\u00bbhttps:\/\/looyaa.fr\/index.php\/product\/looyaa-nuit-en-foret-live-mp3\/\u00a0\u00bb url_new_window=\u00a0\u00bbon\u00a0\u00bb button_text=\u00a0\u00bbRe\u00e7evoir le titre\u00a0\u00bb button_alignment=\u00a0\u00bbcenter\u00a0\u00bb _builder_version=\u00a0\u00bb3.0.86&Prime; custom_button=\u00a0\u00bbon\u00a0\u00bb button_text_size=\u00a0\u00bb15px\u00a0\u00bb button_border_width=\u00a0\u00bb1px\u00a0\u00bb button_border_color=\u00a0\u00bb#cccccc\u00a0\u00bb button_font=\u00a0\u00bb||||||||\u00a0\u00bb button_icon_color=\u00a0\u00bb#f7f7f7&Prime; button_text_color_hover=\u00a0\u00bb#ffffff\u00a0\u00bb button_bg_color_hover=\u00a0\u00bb#adadad\u00a0\u00bb][\/et_pb_button][\/et_pb_column][et_pb_column type=\u00a0\u00bb1_2&Prime; _builder_version=\u00a0\u00bb3.0.86&Prime; parallax=\u00a0\u00bboff\u00a0\u00bb parallax_method=\u00a0\u00bbon\u00a0\u00bb][et_pb_video src=\u00a0\u00bbhttps:\/\/www.youtube.com\/watch?v=2yEm0KvYRqo\u00a0\u00bb _builder_version=\u00a0\u00bb3.0.86&Prime;][\/et_pb_video][et_pb_button button_url=\u00a0\u00bbhttps:\/\/looyaa.fr\/index.php\/product\/looyaa-folie-ma-donne-la-nuit-mp3\/\u00a0\u00bb url_new_window=\u00a0\u00bbon\u00a0\u00bb button_text=\u00a0\u00bbRe\u00e7evoir le titre\u00a0\u00bb button_alignment=\u00a0\u00bbcenter\u00a0\u00bb _builder_version=\u00a0\u00bb3.0.86&Prime; custom_button=\u00a0\u00bbon\u00a0\u00bb button_text_size=\u00a0\u00bb15px\u00a0\u00bb button_border_width=\u00a0\u00bb1px\u00a0\u00bb button_border_color=\u00a0\u00bb#cccccc\u00a0\u00bb button_font=\u00a0\u00bb||||||||\u00a0\u00bb button_icon_color=\u00a0\u00bb#f7f7f7&Prime; button_text_color_hover=\u00a0\u00bb#ffffff\u00a0\u00bb button_bg_color_hover=\u00a0\u00bb#adadad\u00a0\u00bb][\/et_pb_button][\/et_pb_column][\/et_pb_row][\/et_pb_section][et_pb_section fb_built=\u00a0\u00bb1&Prime; _builder_version=\u00a0\u00bb3.0.86&Prime; custom_padding=\u00a0\u00bb16px|0px|54px|0px\u00a0\u00bb][et_pb_row custom_padding=\u00a0\u00bb0px|0px|3px|0px\u00a0\u00bb module_id=\u00a0\u00bb#CONCERTS\u00a0\u00bb _builder_version=\u00a0\u00bb3.0.86&Prime;][et_pb_column type=\u00a0\u00bb1_2&Prime; _builder_version=\u00a0\u00bb3.0.86&Prime; parallax=\u00a0\u00bboff\u00a0\u00bb parallax_method=\u00a0\u00bbon\u00a0\u00bb][et_pb_text _builder_version=\u00a0\u00bb3.0.86&Prime;]<\/p>\n<p><span style=\"color: #0e21f4;\">\u00a0<\/span><\/p>\n<p><span style=\"color: #0e21f4;\">A VENIR<\/span><\/p>\n<p><a href=\"https:\/\/www.billetreduc.com\/spectacle\/8-femmes-en-scene-399523\"><span style=\"color: #0e21f4;\"><strong>03\/07\/26: Joncas Aventure, Le Teil<br \/>13\/06\/26: Place de Soupetard, Toulouse<br \/>06\/06\/26: Concert Priv\u00e9, S\u00e8te<br \/>23\/05\/26: Concert Priv\u00e9, Die<br \/>08\/13\/2026: Rare Gallery, Paris<\/strong><\/span><\/a><\/p>\n<p>CONCERTS PASS<span class=\"BxUVEf ILfuVd\" lang=\"fr\"><span class=\"hgKElc\">\u00c9<\/span><\/span>S<\/p>\n<p><strong>30\/11\/2025: La Canop\u00e9e, Portes -les -Valence<\/strong><br \/>27\/09\/2025: For\u00eat de Purgnon- Die<br \/>22\/08\/2025: Le LoL &#8211; Le Teil<br \/>17\/08\/2025: Concert chez l&rsquo;Habitant- crest<br \/>03\/08\/2025: Le Riou Merle- Die<br \/>18\/07\/2025: Le Teil<br \/>08\/07\/2025: Chez l&rsquo;habitant- Crest<br \/>29\/06\/2025: Andarta- Die<br \/>21 Juin 2025 &#8211; F\u00eate de la musique &#8211; Alixan (26)<br \/>13 Juin 2025 Le TIlT -Le TEIL (07)<br \/><strong>7 Juin 2025 Le pas de cot\u00e9- MERCUER (07)<\/strong><br \/>25 Mai 2025 Concert priv\u00e9 Crest (26)<br \/>25\/05\/2025 Concert priv\u00e9 Crest (26)<br \/><strong>03\/06\/2023: Nuit de la chanson, Thionville<\/strong><br \/>25\/05\/2023: Action culturelle non consentement + concert en coll\u00e8ge, Le Teil<br \/>07 27\/04\/2023: La meson, Marseille\u00a0<br \/>17\/12\/2022: Les zincs chantent, Smac 07<br \/>01\/09\/2022: Concert en coll\u00e8ge, Le Teil\u00a0<br \/>26\/08\/2022: Inauguration Le Tilt, Le Teil<br \/><strong>07\/05\/2022: Festival Mon Plato, La CORDO, Romans<\/strong><br \/>04\/02\/2022: Le Plato, Romans<br \/>02\/10\/2021: Concert priv\u00e9, La fert\u00e9-Alais<br \/>05\/09\/2020: Le Manding\u2019art, Toulouse<br \/>07\/08\/2020: L\u2019Epicentre, Le teil<br \/>23\/11\/2019: la cosca, Crest<br \/>12\/11\/2019: onze bar Paris<br \/><strong>30\/03\/2019: festival Brut d\u2019ar\u00e8ne, Nanterre<\/strong><br \/><strong>25\/11\/2019: Chez Mme Louis, Paris<\/strong><br \/><strong>09\/11\/2019: P\u00e9niche Antipode, Paris<\/strong><br \/><strong>11\/10\/2019: Le Kib\u00e9l\u00e9, Paris<\/strong><br \/>26\/09\/2019 Les chaises musicales, Paris <br \/>16\/09\/2019 Concert de l&rsquo;\u00e9t\u00e9 indien Jardin Villemin, Paris\u00a0<\/p>\n<p>[\/et_pb_text][\/et_pb_column][et_pb_column type=\u00a0\u00bb1_2&Prime; _builder_version=\u00a0\u00bb3.0.86&Prime; parallax=\u00a0\u00bboff\u00a0\u00bb parallax_method=\u00a0\u00bbon\u00a0\u00bb][et_pb_image src=\u00a0\u00bbhttp:\/\/looyaa.fr\/wp-content\/uploads\/2024\/08\/Piano-concert-scaled.jpg\u00a0\u00bb align=\u00a0\u00bbcenter\u00a0\u00bb _builder_version=\u00a0\u00bb3.0.86&Prime; custom_margin=\u00a0\u00bb70px|||\u00a0\u00bb][\/et_pb_image][et_pb_slider _builder_version=\u00a0\u00bb3.0.86&Prime;][\/et_pb_slider][\/et_pb_column][\/et_pb_row][\/et_pb_section][et_pb_section fb_built=\u00a0\u00bb1&Prime; _builder_version=\u00a0\u00bb3.0.86&Prime; custom_padding=\u00a0\u00bb0px|0px|0px|0px\u00a0\u00bb][et_pb_row custom_padding=\u00a0\u00bb0px|0px|20px|0px\u00a0\u00bb _builder_version=\u00a0\u00bb3.0.86&Prime;][et_pb_column type=\u00a0\u00bb1_4&Prime; _builder_version=\u00a0\u00bb3.0.86&Prime; parallax=\u00a0\u00bboff\u00a0\u00bb parallax_method=\u00a0\u00bbon\u00a0\u00bb][\/et_pb_column][et_pb_column type=\u00a0\u00bb1_4&Prime; _builder_version=\u00a0\u00bb3.0.86&Prime; parallax=\u00a0\u00bboff\u00a0\u00bb parallax_method=\u00a0\u00bbon\u00a0\u00bb][et_pb_image src=\u00a0\u00bbhttp:\/\/looyaa.fr\/wp-content\/uploads\/2024\/08\/logo-youtube.png\u00a0\u00bb url=\u00a0\u00bbhttps:\/\/www.youtube.com\/@looyaamusic\/videos\u00a0\u00bb url_new_window=\u00a0\u00bbon\u00a0\u00bb _builder_version=\u00a0\u00bb3.0.86&Prime; max_width=\u00a0\u00bb20%\u00a0\u00bb module_alignment=\u00a0\u00bbcenter\u00a0\u00bb][\/et_pb_image][\/et_pb_column][et_pb_column type=\u00a0\u00bb1_4&Prime; _builder_version=\u00a0\u00bb3.0.86&Prime; parallax=\u00a0\u00bboff\u00a0\u00bb parallax_method=\u00a0\u00bbon\u00a0\u00bb][et_pb_image src=\u00a0\u00bbhttp:\/\/looyaa.fr\/wp-content\/uploads\/2024\/08\/logo-facebook-noir.png\u00a0\u00bb url=\u00a0\u00bbhttps:\/\/www.facebook.com\/looyaamusic\/?locale=fr_FR\u00a0\u00bb url_new_window=\u00a0\u00bbon\u00a0\u00bb _builder_version=\u00a0\u00bb3.0.86&Prime; max_width=\u00a0\u00bb20%\u00a0\u00bb module_alignment=\u00a0\u00bbcenter\u00a0\u00bb][\/et_pb_image][\/et_pb_column][et_pb_column type=\u00a0\u00bb1_4&Prime; _builder_version=\u00a0\u00bb3.0.86&Prime; parallax=\u00a0\u00bboff\u00a0\u00bb parallax_method=\u00a0\u00bbon\u00a0\u00bb][et_pb_image src=\u00a0\u00bbhttp:\/\/looyaa.fr\/wp-content\/uploads\/2024\/08\/logo-insta-noir.png\u00a0\u00bb url=\u00a0\u00bbhttps:\/\/www.instagram.com\/looyaa_music\/\u00a0\u00bb url_new_window=\u00a0\u00bbon\u00a0\u00bb _builder_version=\u00a0\u00bb3.0.86&Prime; max_width=\u00a0\u00bb19%\u00a0\u00bb module_alignment=\u00a0\u00bbcenter\u00a0\u00bb][\/et_pb_image][\/et_pb_column][\/et_pb_row][\/et_pb_section][et_pb_section fb_built=\u00a0\u00bb1&Prime; _builder_version=\u00a0\u00bb3.0.86&Prime; background_video_mp4=\u00a0\u00bbhttps:\/\/www.youtube.com\/watch?v=2yEm0KvYRqo\u00a0\u00bb custom_padding=\u00a0\u00bb0px|0px|0px|0px\u00a0\u00bb][et_pb_row custom_padding=\u00a0\u00bb0px|0px|0px|0px\u00a0\u00bb _builder_version=\u00a0\u00bb3.0.86&Prime;][et_pb_column type=\u00a0\u00bb4_4&Prime; _builder_version=\u00a0\u00bb3.0.86&Prime; parallax=\u00a0\u00bboff\u00a0\u00bb parallax_method=\u00a0\u00bbon\u00a0\u00bb][\/et_pb_column][\/et_pb_row][\/et_pb_section][et_pb_section fb_built=\u00a0\u00bb1&Prime; _builder_version=\u00a0\u00bb3.0.86&Prime; custom_padding=\u00a0\u00bb26px|0px|0px|0px\u00a0\u00bb][et_pb_row custom_padding=\u00a0\u00bb0px|0px|27px|0px\u00a0\u00bb _builder_version=\u00a0\u00bb3.0.86&Prime;][et_pb_column type=\u00a0\u00bb4_4&Prime; _builder_version=\u00a0\u00bb3.0.86&Prime; parallax=\u00a0\u00bboff\u00a0\u00bb parallax_method=\u00a0\u00bbon\u00a0\u00bb][et_pb_text _builder_version=\u00a0\u00bb3.0.86&Prime;]<\/p>\n<p style=\"text-align: center;\"><span style=\"color: #000000; font-size: large;\"><strong>CONTACT<\/strong><\/span><\/p>\n<p style=\"text-align: center;\"><span style=\"font-size: large;\"><a href=\"https:\/\/www.lezarts-collectif.com\/looyaa\"><span style=\"color: #000000;\">looyaa.artiste@gmail.com<\/span><\/a><br \/><span style=\"color: #000000; font-size: large;\">06 32 18 52 45<br \/><span style=\"font-size: medium;\">26400 CREST<\/span><\/span><\/span><\/p>\n<p style=\"text-align: center;\"><span style=\"font-size: large;\"><a href=\"https:\/\/www.lezarts-collectif.com\/contact\">https:\/\/www.lezarts-collectif.com\/contact<\/a><\/span><\/p>\n<p style=\"text-align: center;\"><span style=\"font-size: large;\"><a href=\"https:\/\/www.lezarts-collectif.com\/looyaa\">https:\/\/www.lezarts-collectif.com\/looyaa<\/a><\/span><\/p>\n<p>[\/et_pb_text][\/et_pb_column][\/et_pb_row][\/et_pb_section]<\/p>\n","protected":false},"excerpt":{"rendered":"<p>[et_pb_section fb_built=\u00a0\u00bb1&Prime; _builder_version=\u00a0\u00bb3.0.86&Prime; use_background_color_gradient=\u00a0\u00bbon\u00a0\u00bb background_color_gradient_type=\u00a0\u00bbradial\u00a0\u00bb background_image=\u00a0\u00bbhttp:\/\/looyaa.fr\/wp-content\/uploads\/2024\/08\/Bandeau-LooYaa-simple-1-e1723788288285.jpg\u00a0\u00bb custom_padding=\u00a0\u00bb0px|0px|0px|0px\u00a0\u00bb][et_pb_row _builder_version=\u00a0\u00bb3.0.86&Prime;][et_pb_column type=\u00a0\u00bb4_4&Prime; _builder_version=\u00a0\u00bb3.0.86&Prime; parallax=\u00a0\u00bboff\u00a0\u00bb parallax_method=\u00a0\u00bbon\u00a0\u00bb][et_pb_video src=\u00a0\u00bbhttps:\/\/youtu.be\/MDIIMIATthg\u00a0\u00bb _builder_version=\u00a0\u00bb3.0.86&Prime;][\/et_pb_video][\/et_pb_column][\/et_pb_row][\/et_pb_section][et_pb_section fb_built=\u00a0\u00bb1&Prime; _builder_version=\u00a0\u00bb3.0.86&Prime; custom_padding=\u00a0\u00bb1px|0px|0px|0px\u00a0\u00bb][et_pb_row _builder_version=\u00a0\u00bb3.0.86&Prime;][et_pb_column type=\u00a0\u00bb1_3&Prime; _builder_version=\u00a0\u00bb3.0.86&Prime; parallax=\u00a0\u00bboff\u00a0\u00bb parallax_method=\u00a0\u00bbon\u00a0\u00bb][et_pb_image src=\u00a0\u00bbhttp:\/\/looyaa.fr\/wp-content\/uploads\/2026\/03\/LooYaa-Live-d-scaled.jpg\u00a0\u00bb _builder_version=\u00a0\u00bb3.0.86&Prime;][\/et_pb_image][\/et_pb_column][et_pb_column type=\u00a0\u00bb1_3&Prime; _builder_version=\u00a0\u00bb3.0.86&Prime; parallax=\u00a0\u00bboff\u00a0\u00bb parallax_method=\u00a0\u00bbon\u00a0\u00bb][et_pb_text _builder_version=\u00a0\u00bb3.0.86&Prime;] LooYaa d\u00e9veloppe autour de ses chansons un univers inspir\u00e9 des sons de la nuit et ses myst\u00e8res. Un concert hybride piano-voix-textures \u00e9lectro ponctu\u00e9 d\u2019interventions au tambour [&hellip;]<\/p>\n","protected":false},"author":1,"featured_media":0,"parent":0,"menu_order":0,"comment_status":"closed","ping_status":"closed","template":"","meta":{"footnotes":""},"class_list":["post-56","page","type-page","status-publish","hentry"],"_links":{"self":[{"href":"https:\/\/looyaa.fr\/index.php\/wp-json\/wp\/v2\/pages\/56","targetHints":{"allow":["GET"]}}],"collection":[{"href":"https:\/\/looyaa.fr\/index.php\/wp-json\/wp\/v2\/pages"}],"about":[{"href":"https:\/\/looyaa.fr\/index.php\/wp-json\/wp\/v2\/types\/page"}],"author":[{"embeddable":true,"href":"https:\/\/looyaa.fr\/index.php\/wp-json\/wp\/v2\/users\/1"}],"replies":[{"embeddable":true,"href":"https:\/\/looyaa.fr\/index.php\/wp-json\/wp\/v2\/comments?post=56"}],"version-history":[{"count":70,"href":"https:\/\/looyaa.fr\/index.php\/wp-json\/wp\/v2\/pages\/56\/revisions"}],"predecessor-version":[{"id":396,"href":"https:\/\/looyaa.fr\/index.php\/wp-json\/wp\/v2\/pages\/56\/revisions\/396"}],"wp:attachment":[{"href":"https:\/\/looyaa.fr\/index.php\/wp-json\/wp\/v2\/media?parent=56"}],"curies":[{"name":"wp","href":"https:\/\/api.w.org\/{rel}","templated":true}]}}